{"id":3761,"date":"2021-01-08T13:53:37","date_gmt":"2021-01-08T13:53:37","guid":{"rendered":"http:\/\/guatisrl.com.ar\/estacion\/?page_id=3761"},"modified":"2021-01-27T14:07:51","modified_gmt":"2021-01-27T14:07:51","slug":"latam-pass","status":"publish","type":"page","link":"http:\/\/guatisrl.com.ar\/estacion\/latam-pass\/","title":{"rendered":"Latam Pass"},"content":{"rendered":"\n\n  <div class=\"banner has-hover\" id=\"banner-1564500296\">\n          <div class=\"banner-inner fill\">\n        <div class=\"banner-bg fill\" >\n            <div class=\"bg fill bg-fill \"><\/div>\n                        <div class=\"overlay\"><\/div>            \n                    <\/div>\n        <div class=\"banner-layers container\">\n            <div class=\"fill banner-link\"><\/div>            \n\n   <div id=\"text-box-912813014\" class=\"text-box banner-layer x50 md-x50 lg-x50 y95 md-y95 lg-y95 res-text\">\n                                <div class=\"text dark\">\n              \n              <div class=\"text-inner text-center\">\n                  \n\n<h3 class=\"header-info-title animated fadeInDown\">Acerca de Shell LATAM Pass<\/h3>\n<p class=\"animated fadeInDown\">Shell LATAM Pass es el programa de fidelizaci\u00f3n de Shell en asociaci\u00f3n con LATAM Pass y es nuestra forma de agradecer la preferencia de nuestros clientes. Consulta aqu\u00ed como activar tu tarjeta, acceder a tu cuenta y canjear premios.<\/p>\n\n              <\/div>\n           <\/div>\n                            \n<style>\n#text-box-912813014 {\n  width: 86%;\n}\n#text-box-912813014 .text {\n  font-size: 100%;\n}\n@media (min-width:550px) {\n  #text-box-912813014 {\n    width: 63%;\n  }\n}\n<\/style>\n    <\/div>\n \n\n        <\/div>\n      <\/div>\n\n            \n<style>\n#banner-1564500296 {\n  padding-top: 450px;\n}\n#banner-1564500296 .bg.bg-loaded {\n  background-image: url(http:\/\/guatisrl.com.ar\/estacion\/wp-content\/uploads\/2021\/01\/latampass2.jpg);\n}\n#banner-1564500296 .overlay {\n  background-color: rgba(0, 0, 0, 0.151);\n}\n#banner-1564500296 .bg {\n  background-position: 50% 54%;\n}\n@media (min-width:550px) {\n  #banner-1564500296 {\n    padding-top: 700px;\n  }\n}\n<\/style>\n  <\/div>\n\n\n\t<section class=\"section\" id=\"section_1297427210\">\n\t\t<div class=\"bg section-bg fill bg-fill  bg-loaded\" >\n\n\t\t\t\n\t\t\t\n\t\t\t\n\n\t\t<\/div>\n\n\t\t<div class=\"section-content relative\">\n\t\t\t\n\n<div class=\"row row-collapse align-center\"  id=\"row-1882528692\">\n\n\n\t<div id=\"col-1979490307\" class=\"col collatam medium-6 small-12 large-6\"  >\n\t\t<div class=\"col-inner\"  >\n\t\t\t\n\t\t\t\n\n<h3>Beneficios Shell LATAM Pass y acumulaci\u00f3n de Millas<\/h3>\n<p>Al asociarte al programa Shell LATAM Pass podr\u00e1s:<\/p>\n<ul>\n<li>Acumular\u00a0Millas con cada compra de Shell V-Power Nafta o Diesel, Shell F\u00f3rmula S\u00faper o lubricantes Shell Helix, Shell Rimula y Shell Advance en nuestras estaciones de servicio Shell.<\/li>\n<li>Canjear\u00a0Millas para volar en LATAM Airlines y One World, y para obtener productos del cat\u00e1logo de premios.<\/li>\n<\/ul>\n<p>Ahora con cada litro de combustible o lubricante que carg\u00e1s en Shell acumul\u00e1s Millas LATAM Pass para volar o canjear por importantes premios.<\/p>\n\n\t\t<\/div>\n\t\t\n<style>\n#col-1979490307 > .col-inner {\n  padding: 0px 20px 0px 20px;\n  margin: 0px 0px 0px 0px;\n}\n@media (min-width:550px) {\n  #col-1979490307 > .col-inner {\n    padding: 0px 20px 0px 20px;\n    margin: 0px 0px 0px 0px;\n  }\n}\n@media (min-width:850px) {\n  #col-1979490307 > .col-inner {\n    margin: 0px 0px 0px -100px;\n  }\n}\n<\/style>\n\t<\/div>\n\n\t\n\n\t<div id=\"col-708033539\" class=\"col collatam medium-6 small-12 large-6\"  >\n\t\t<div class=\"col-inner\"  >\n\t\t\t\n\t\t\t\n\n<h4>T\u00e9rminos y Condiciones del Programa Shell LATAM Pass<\/h4>\n<a rel=\"noopener noreferrer\" href=\"http:\/\/www.shellbahia.com.ar\/estaciones\/terminos-y-condiciones-programa-shell-latam-pass.pdf\" target=\"_blank\" class=\"button primary is-outline is-larger\"  style=\"border-radius:99px;\">\n    <span>Ver PDF<\/span>\n  <\/a>\n\n\n\t<div class=\"ux-menu stack stack-col justify-start\">\n\t\t\n\n\t<div class=\"ux-menu-link flex menu-item\">\n\t\t<a class=\"ux-menu-link__link flex\" href=\"https:\/\/www.shell.com.ar\/conductores\/shell-latam-pass\/activa-tu-tarjeta-shell-latam-pass.html\" target=\"_blank\" rel=\"noopener noreferrer\" >\n\t\t\t\t\t\t<span class=\"ux-menu-link__text\">\n\t\t\t\tActiva tu tarjeta Shell LATAM Pass\t\t\t<\/span>\n\t\t<\/a>\n\t<\/div>\n\t\n\n\t<div class=\"ux-menu-link flex menu-item\">\n\t\t<a class=\"ux-menu-link__link flex\" href=\"https:\/\/www.shell.com.ar\/conductores\/shell-latam-pass\/mi-cuenta-shell-latam-pass.html\" target=\"_blank\" rel=\"noopener noreferrer\" >\n\t\t\t\t\t\t<span class=\"ux-menu-link__text\">\n\t\t\t\tMi Cuenta Shell LATAM Pass\t\t\t<\/span>\n\t\t<\/a>\n\t<\/div>\n\t\n\n\t<div class=\"ux-menu-link flex menu-item\">\n\t\t<a class=\"ux-menu-link__link flex\" href=\"https:\/\/www.shell.com.ar\/conductores\/shell-latam-pass\/canje-de-millas-de-shell-latam-pass.html#vanity-aHR0cHM6Ly93d3cuc2hlbGwuY29tLmFyL2NvbmR1Y3RvcmVzL3NoZWxsLWxhdGFtLXBhc3MvY2FuamUtZGUta21zLWRlLXNoZWxsLWxhdGFtLXBhc3MuaHRtbA\" target=\"_blank\" rel=\"noopener noreferrer\" >\n\t\t\t\t\t\t<span class=\"ux-menu-link__text\">\n\t\t\t\tCanje de Millas de Shell LATAM Pass\t\t\t<\/span>\n\t\t<\/a>\n\t<\/div>\n\t\n\n\t<div class=\"ux-menu-link flex menu-item\">\n\t\t<a class=\"ux-menu-link__link flex\" href=\"https:\/\/www.shell.com.ar\/conductores\/shell-latam-pass\/acerca-de-shell-latam-pass.html\" target=\"_blank\" rel=\"noopener noreferrer\" >\n\t\t\t\t\t\t<span class=\"ux-menu-link__text\">\n\t\t\t\tPreguntas frecuentes\t\t\t<\/span>\n\t\t<\/a>\n\t<\/div>\n\t\n\n\n\t<\/div>\n\t\n\n\t\t<\/div>\n\t\t\n<style>\n#col-708033539 > .col-inner {\n  padding: 0px 20px 0px 20px;\n  margin: 0px 0px 0px 0px;\n}\n@media (min-width:550px) {\n  #col-708033539 > .col-inner {\n    padding: 0px 20px 0px 20px;\n    margin: 0px 0px 0px 0px;\n  }\n}\n@media (min-width:850px) {\n  #col-708033539 > .col-inner {\n    margin: 0px 0px 0px 100px;\n  }\n}\n<\/style>\n\t<\/div>\n\n\t\n\n<\/div>\n\n\t\t<\/div>\n\n\t\t\n<style>\n#section_1297427210 {\n  padding-top: 30px;\n  padding-bottom: 30px;\n}\n<\/style>\n\t<\/section>\n\t\n\t<section class=\"section\" id=\"section_1428045803\">\n\t\t<div class=\"bg section-bg fill bg-fill  bg-loaded\" >\n\n\t\t\t\n\t\t\t\n\t\t\t\n\n\t\t<\/div>\n\n\t\t<div class=\"section-content relative\">\n\t\t\t\n\n<div class=\"row\"  id=\"row-1433735903\">\n\n\n\t<div id=\"col-1887329562\" class=\"col small-12 large-12\"  >\n\t\t<div class=\"col-inner\"  >\n\t\t\t\n\t\t\t\n\n\n\t\t<div class=\"tabbed-content\">\n\t\t\t\n\t\t\t<ul class=\"nav nav-line-bottom nav-uppercase nav-size-large nav-left\"><li class=\"tab active has-icon\"><a href=\"#tab_combustibles\"><span>Combustibles<\/span><\/a><\/li>\n<li class=\"tab has-icon\"><a href=\"#tab_lubricantes---litros\"><span>Lubricantes - Litros<\/span><\/a><\/li><\/ul><div class=\"tab-panels\"><div class=\"panel active entry-content\" id=\"tab_combustibles\">\n\n\t<div id=\"text-3793849428\" class=\"text\">\n\t\t\n\n<table>\n<thead>\n<tr>\n<th>Combustibles<\/th>\n<th>Cantidad de litros<\/th>\n<th>Millas<\/th>\n<\/tr>\n<\/thead>\n<tbody>\n<tr>\n<td>Shell V-Power Nafta<\/td>\n<td>1.6 litros<\/td>\n<td>1 Milla<\/td>\n<\/tr>\n<tr>\n<td>Shell V-Power Diesel<\/td>\n<td>1.6 litros<\/td>\n<td>1 Milla<\/td>\n<\/tr>\n<tr>\n<td>Shell F\u00f3rmula Super<\/td>\n<td>3.2 litros<\/td>\n<td>1 Milla<\/td>\n<\/tr>\n<\/tbody>\n<\/table>\n\t\t\n<style>\n#text-3793849428 {\n  font-size: 0.75rem;\n}\n@media (min-width:550px) {\n  #text-3793849428 {\n    font-size: 1.25rem;\n  }\n}\n<\/style>\n\t<\/div>\n\t\n\n<\/div>\n<div class=\"panel entry-content\" id=\"tab_lubricantes---litros\">\n\n\t<div id=\"text-1176001439\" class=\"text\">\n\t\t\n\n<table class=\"table table-striped\">\n<thead>\n<tr>\n<th>Lubricantes<\/th>\n<th>Cantidad de litros<\/th>\n<th>Millas<\/th>\n<\/tr>\n<\/thead>\n<tbody>\n<tr>\n<td>Premium<\/td>\n<td>1 litro<\/td>\n<td>5 Millas<\/td>\n<\/tr>\n<tr>\n<td>Regulares<\/td>\n<td>2 litros<\/td>\n<td>5 Millas<\/td>\n<\/tr>\n<\/tbody>\n<\/table>\n\t\t\n<style>\n#text-1176001439 {\n  font-size: 0.75rem;\n}\n@media (min-width:550px) {\n  #text-1176001439 {\n    font-size: 1.25rem;\n  }\n}\n<\/style>\n\t<\/div>\n\t\n\n<\/div><\/div><\/div>\n\n\t\t<\/div>\n\t\t\t<\/div>\n\n\t\n\n<\/div>\n\n\t\t<\/div>\n\n\t\t\n<style>\n#section_1428045803 {\n  padding-top: 30px;\n  padding-bottom: 30px;\n}\n<\/style>\n\t<\/section>\n\t\n\n","protected":false},"excerpt":{"rendered":"","protected":false},"author":1,"featured_media":0,"parent":0,"menu_order":0,"comment_status":"closed","ping_status":"closed","template":"page-transparent-header.php","meta":[],"yoast_head":"<!-- This site is optimized with the Yoast SEO plugin v15.3 - https:\/\/yoast.com\/wordpress\/plugins\/seo\/ -->\n<title>Latam Pass - Shell La Florida<\/title>\n<meta name=\"robots\" content=\"index, follow, max-snippet:-1, max-image-preview:large, max-video-preview:-1\" \/>\n<link rel=\"canonical\" href=\"http:\/\/guatisrl.com.ar\/estacion\/latam-pass\/\" \/>\n<meta property=\"og:locale\" content=\"es_ES\" \/>\n<meta property=\"og:type\" content=\"article\" \/>\n<meta property=\"og:title\" content=\"Latam Pass - Shell La Florida\" \/>\n<meta property=\"og:url\" content=\"http:\/\/guatisrl.com.ar\/estacion\/latam-pass\/\" \/>\n<meta property=\"og:site_name\" content=\"Shell La Florida\" \/>\n<meta property=\"article:modified_time\" content=\"2021-01-27T14:07:51+00:00\" \/>\n<meta name=\"twitter:card\" content=\"summary_large_image\" \/>\n<meta name=\"twitter:label1\" content=\"Escrito por\">\n\t<meta name=\"twitter:data1\" content=\"shell-admin\">\n\t<meta name=\"twitter:label2\" content=\"Tiempo de lectura\">\n\t<meta name=\"twitter:data2\" content=\"2 minutos\">\n<script type=\"application\/ld+json\" class=\"yoast-schema-graph\">{\"@context\":\"https:\/\/schema.org\",\"@graph\":[{\"@type\":\"WebSite\",\"@id\":\"http:\/\/guatisrl.com.ar\/estacion\/#website\",\"url\":\"http:\/\/guatisrl.com.ar\/estacion\/\",\"name\":\"Shell La Florida\",\"description\":\"\",\"potentialAction\":[{\"@type\":\"SearchAction\",\"target\":\"http:\/\/guatisrl.com.ar\/estacion\/?s={search_term_string}\",\"query-input\":\"required name=search_term_string\"}],\"inLanguage\":\"es\"},{\"@type\":\"WebPage\",\"@id\":\"http:\/\/guatisrl.com.ar\/estacion\/latam-pass\/#webpage\",\"url\":\"http:\/\/guatisrl.com.ar\/estacion\/latam-pass\/\",\"name\":\"Latam Pass - Shell La Florida\",\"isPartOf\":{\"@id\":\"http:\/\/guatisrl.com.ar\/estacion\/#website\"},\"datePublished\":\"2021-01-08T13:53:37+00:00\",\"dateModified\":\"2021-01-27T14:07:51+00:00\",\"breadcrumb\":{\"@id\":\"http:\/\/guatisrl.com.ar\/estacion\/latam-pass\/#breadcrumb\"},\"inLanguage\":\"es\",\"potentialAction\":[{\"@type\":\"ReadAction\",\"target\":[\"http:\/\/guatisrl.com.ar\/estacion\/latam-pass\/\"]}]},{\"@type\":\"BreadcrumbList\",\"@id\":\"http:\/\/guatisrl.com.ar\/estacion\/latam-pass\/#breadcrumb\",\"itemListElement\":[{\"@type\":\"ListItem\",\"position\":1,\"item\":{\"@type\":\"WebPage\",\"@id\":\"http:\/\/guatisrl.com.ar\/estacion\/\",\"url\":\"http:\/\/guatisrl.com.ar\/estacion\/\",\"name\":\"Portada\"}},{\"@type\":\"ListItem\",\"position\":2,\"item\":{\"@type\":\"WebPage\",\"@id\":\"http:\/\/guatisrl.com.ar\/estacion\/latam-pass\/\",\"url\":\"http:\/\/guatisrl.com.ar\/estacion\/latam-pass\/\",\"name\":\"Latam Pass\"}}]}]}<\/script>\n<!-- \/ Yoast SEO plugin. -->","_links":{"self":[{"href":"http:\/\/guatisrl.com.ar\/estacion\/wp-json\/wp\/v2\/pages\/3761"}],"collection":[{"href":"http:\/\/guatisrl.com.ar\/estacion\/wp-json\/wp\/v2\/pages"}],"about":[{"href":"http:\/\/guatisrl.com.ar\/estacion\/wp-json\/wp\/v2\/types\/page"}],"author":[{"embeddable":true,"href":"http:\/\/guatisrl.com.ar\/estacion\/wp-json\/wp\/v2\/users\/1"}],"replies":[{"embeddable":true,"href":"http:\/\/guatisrl.com.ar\/estacion\/wp-json\/wp\/v2\/comments?post=3761"}],"version-history":[{"count":31,"href":"http:\/\/guatisrl.com.ar\/estacion\/wp-json\/wp\/v2\/pages\/3761\/revisions"}],"predecessor-version":[{"id":3821,"href":"http:\/\/guatisrl.com.ar\/estacion\/wp-json\/wp\/v2\/pages\/3761\/revisions\/3821"}],"wp:attachment":[{"href":"http:\/\/guatisrl.com.ar\/estacion\/wp-json\/wp\/v2\/media?parent=3761"}],"curies":[{"name":"wp","href":"https:\/\/api.w.org\/{rel}","templated":true}]}}