{"id":3845,"date":"2026-03-18T15:25:17","date_gmt":"2026-03-18T15:25:17","guid":{"rendered":"http:\/\/guatisrl.com.ar\/estacion\/?page_id=3845"},"modified":"2026-03-19T13:55:40","modified_gmt":"2026-03-19T13:55:40","slug":"beneficios-shell-box","status":"publish","type":"page","link":"http:\/\/guatisrl.com.ar\/estacion\/beneficios-shell-box\/","title":{"rendered":"Beneficios Shell Box"},"content":{"rendered":"\n\n  <div class=\"banner has-hover\" id=\"banner-738746163\">\n          <div class=\"banner-inner fill\">\n        <div class=\"banner-bg fill\" >\n            <div class=\"bg fill bg-fill \"><\/div>\n                        <div class=\"overlay\"><\/div>            \n                    <\/div>\n        <div class=\"banner-layers container\">\n            <div class=\"fill banner-link\"><\/div>            \n\n   <div id=\"text-box-1328399912\" class=\"text-box banner-layer x50 md-x0 lg-x0 y90 md-y90 lg-y90 res-text\">\n                                <div class=\"text dark\">\n              \n              <div class=\"text-inner text-center\">\n                  \n\n\t<div id=\"text-587180218\" class=\"text\">\n\t\t\n\n<h1 class=\"uppercase\"><strong>Beneficios y Descuentos<\/strong><\/h1>\n\t\t\n<style>\n#text-587180218 {\n  font-size: 0.75rem;\n  text-align: center;\n}\n@media (min-width:550px) {\n  #text-587180218 {\n    font-size: 1rem;\n  }\n}\n<\/style>\n\t<\/div>\n\t\n\n              <\/div>\n           <\/div>\n                            \n<style>\n#text-box-1328399912 {\n  width: 75%;\n}\n#text-box-1328399912 .text {\n  font-size: 100%;\n}\n@media (min-width:550px) {\n  #text-box-1328399912 {\n    width: 74%;\n  }\n}\n<\/style>\n    <\/div>\n \n\n        <\/div>\n      <\/div>\n\n            \n<style>\n#banner-738746163 {\n  padding-top: 350px;\n}\n#banner-738746163 .bg.bg-loaded {\n  background-image: url(http:\/\/guatisrl.com.ar\/estacion\/wp-content\/uploads\/2026\/03\/shellbox.jpg);\n}\n#banner-738746163 .overlay {\n  background-color: rgba(0,0,0,.5);\n}\n#banner-738746163 .bg {\n  background-position: 51% 71%;\n}\n<\/style>\n  <\/div>\n\n\n\t<section class=\"section\" id=\"section_622046853\">\n\t\t<div class=\"bg section-bg fill bg-fill  bg-loaded\" >\n\n\t\t\t\n\t\t\t\n\t\t\t\n\n\t\t<\/div>\n\n\t\t<div class=\"section-content relative\">\n\t\t\t\n\n<div class=\"row row-small row-full-width align-middle align-center\"  id=\"row-1567850149\">\n\n\n\t<div id=\"col-1678417724\" class=\"col formcontacto medium-8 small-12 large-8\"  >\n\t\t<div class=\"col-inner text-left\"  >\n\t\t\t\n\t\t\t\n\n<p data-start=\"59\" data-end=\"358\">Los beneficios de Shell Box est\u00e1n pensados para que cada carga rinda mucho m\u00e1s. A trav\u00e9s de este programa, pod\u00e9s acceder a descuentos exclusivos, promociones especiales y sumar puntos cada vez que carg\u00e1s combustible o realiz\u00e1s compras en estaciones adheridas.<\/p>\n<p data-start=\"360\" data-end=\"564\">Adem\u00e1s, esos puntos se pueden canjear por beneficios en combustibles, lubricantes o productos de tienda, lo que convierte cada consumo en una oportunidad de ahorro.<\/p>\n<p data-start=\"566\" data-end=\"769\">Sumado a esto, Shell Box ofrece promociones peri\u00f3dicas y descuentos adicionales pagando desde la app, lo que permite maximizar a\u00fan m\u00e1s el beneficio en cada compra.<\/p>\n<p data-start=\"771\" data-end=\"925\">Si quer\u00e9s conocer todos los beneficios disponibles y c\u00f3mo aprovecharlos al m\u00e1ximo, ingres\u00e1 ac\u00e1:<br data-start=\"866\" data-end=\"869\" \/>\ud83d\udc49 <a class=\"decorated-link\" href=\"https:\/\/shellbox.shell.com.ar\/beneficios-y-descuentos\" target=\"_new\" rel=\"noopener noreferrer\" data-start=\"872\" data-end=\"925\">https:\/\/shellbox.shell.com.ar\/beneficios-y-descuentos<\/a><\/p>\n\n\t\t<\/div>\n\t\t\n<style>\n#col-1678417724 > .col-inner {\n  padding: 10px 0px 0px 0px;\n}\n@media (min-width:550px) {\n  #col-1678417724 > .col-inner {\n    padding: 20px 0px 20px 0px;\n  }\n}\n<\/style>\n\t<\/div>\n\n\t\n\n<\/div>\n\n\t\t<\/div>\n\n\t\t\n<style>\n#section_622046853 {\n  padding-top: 20px;\n  padding-bottom: 20px;\n  margin-bottom: 0px;\n}\n<\/style>\n\t<\/section>\n\t\n\n","protected":false},"excerpt":{"rendered":"","protected":false},"author":1,"featured_media":0,"parent":0,"menu_order":0,"comment_status":"closed","ping_status":"closed","template":"page-transparent-header.php","meta":[],"yoast_head":"<!-- This site is optimized with the Yoast SEO plugin v15.3 - https:\/\/yoast.com\/wordpress\/plugins\/seo\/ -->\n<title>Beneficios Shell Box - Shell La Florida<\/title>\n<meta name=\"robots\" content=\"index, follow, max-snippet:-1, max-image-preview:large, max-video-preview:-1\" \/>\n<link rel=\"canonical\" href=\"http:\/\/guatisrl.com.ar\/estacion\/beneficios-shell-box\/\" \/>\n<meta property=\"og:locale\" content=\"es_ES\" \/>\n<meta property=\"og:type\" content=\"article\" \/>\n<meta property=\"og:title\" content=\"Beneficios Shell Box - Shell La Florida\" \/>\n<meta property=\"og:url\" content=\"http:\/\/guatisrl.com.ar\/estacion\/beneficios-shell-box\/\" \/>\n<meta property=\"og:site_name\" content=\"Shell La Florida\" \/>\n<meta property=\"article:modified_time\" content=\"2026-03-19T13:55:40+00:00\" \/>\n<meta name=\"twitter:card\" content=\"summary_large_image\" \/>\n<meta name=\"twitter:label1\" content=\"Escrito por\">\n\t<meta name=\"twitter:data1\" content=\"shell-admin\">\n\t<meta name=\"twitter:label2\" content=\"Tiempo de lectura\">\n\t<meta name=\"twitter:data2\" content=\"1 minuto\">\n<script type=\"application\/ld+json\" class=\"yoast-schema-graph\">{\"@context\":\"https:\/\/schema.org\",\"@graph\":[{\"@type\":\"WebSite\",\"@id\":\"http:\/\/guatisrl.com.ar\/estacion\/#website\",\"url\":\"http:\/\/guatisrl.com.ar\/estacion\/\",\"name\":\"Shell La Florida\",\"description\":\"\",\"potentialAction\":[{\"@type\":\"SearchAction\",\"target\":\"http:\/\/guatisrl.com.ar\/estacion\/?s={search_term_string}\",\"query-input\":\"required name=search_term_string\"}],\"inLanguage\":\"es\"},{\"@type\":\"WebPage\",\"@id\":\"http:\/\/guatisrl.com.ar\/estacion\/beneficios-shell-box\/#webpage\",\"url\":\"http:\/\/guatisrl.com.ar\/estacion\/beneficios-shell-box\/\",\"name\":\"Beneficios Shell Box - Shell La Florida\",\"isPartOf\":{\"@id\":\"http:\/\/guatisrl.com.ar\/estacion\/#website\"},\"datePublished\":\"2026-03-18T15:25:17+00:00\",\"dateModified\":\"2026-03-19T13:55:40+00:00\",\"breadcrumb\":{\"@id\":\"http:\/\/guatisrl.com.ar\/estacion\/beneficios-shell-box\/#breadcrumb\"},\"inLanguage\":\"es\",\"potentialAction\":[{\"@type\":\"ReadAction\",\"target\":[\"http:\/\/guatisrl.com.ar\/estacion\/beneficios-shell-box\/\"]}]},{\"@type\":\"BreadcrumbList\",\"@id\":\"http:\/\/guatisrl.com.ar\/estacion\/beneficios-shell-box\/#breadcrumb\",\"itemListElement\":[{\"@type\":\"ListItem\",\"position\":1,\"item\":{\"@type\":\"WebPage\",\"@id\":\"http:\/\/guatisrl.com.ar\/estacion\/\",\"url\":\"http:\/\/guatisrl.com.ar\/estacion\/\",\"name\":\"Portada\"}},{\"@type\":\"ListItem\",\"position\":2,\"item\":{\"@type\":\"WebPage\",\"@id\":\"http:\/\/guatisrl.com.ar\/estacion\/beneficios-shell-box\/\",\"url\":\"http:\/\/guatisrl.com.ar\/estacion\/beneficios-shell-box\/\",\"name\":\"Beneficios Shell Box\"}}]}]}<\/script>\n<!-- \/ Yoast SEO plugin. -->","_links":{"self":[{"href":"http:\/\/guatisrl.com.ar\/estacion\/wp-json\/wp\/v2\/pages\/3845"}],"collection":[{"href":"http:\/\/guatisrl.com.ar\/estacion\/wp-json\/wp\/v2\/pages"}],"about":[{"href":"http:\/\/guatisrl.com.ar\/estacion\/wp-json\/wp\/v2\/types\/page"}],"author":[{"embeddable":true,"href":"http:\/\/guatisrl.com.ar\/estacion\/wp-json\/wp\/v2\/users\/1"}],"replies":[{"embeddable":true,"href":"http:\/\/guatisrl.com.ar\/estacion\/wp-json\/wp\/v2\/comments?post=3845"}],"version-history":[{"count":3,"href":"http:\/\/guatisrl.com.ar\/estacion\/wp-json\/wp\/v2\/pages\/3845\/revisions"}],"predecessor-version":[{"id":3858,"href":"http:\/\/guatisrl.com.ar\/estacion\/wp-json\/wp\/v2\/pages\/3845\/revisions\/3858"}],"wp:attachment":[{"href":"http:\/\/guatisrl.com.ar\/estacion\/wp-json\/wp\/v2\/media?parent=3845"}],"curies":[{"name":"wp","href":"https:\/\/api.w.org\/{rel}","templated":true}]}}